{"id":157,"date":"2022-10-26T23:27:31","date_gmt":"2022-10-26T23:27:31","guid":{"rendered":"http:\/\/hespa.is\/trade\/"},"modified":"2025-11-13T18:29:47","modified_gmt":"2025-11-13T18:29:47","slug":"shop-etsy","status":"publish","type":"page","link":"https:\/\/hespa.is\/en\/shop-etsy\/","title":{"rendered":"Shop"},"content":{"rendered":"<div class=\"fusion-fullwidth fullwidth-box fusion-builder-row-1 fusion-flex-container nonhundred-percent-fullwidth non-hundred-percent-height-scrolling\" style=\"--awb-border-radius-top-left:0px;--awb-border-radius-top-right:0px;--awb-border-radius-bottom-right:0px;--awb-border-radius-bottom-left:0px;--awb-flex-wrap:wrap;\" ><div class=\"fusion-builder-row fusion-row fusion-flex-align-items-flex-start fusion-flex-content-wrap\" style=\"max-width:1248px;margin-left: calc(-4% \/ 2 );margin-right: calc(-4% \/ 2 );\"><div class=\"fusion-layout-column fusion_builder_column fusion-builder-column-0 fusion_builder_column_1_1 1_1 fusion-flex-column\" style=\"--awb-bg-size:cover;--awb-width-large:100%;--awb-margin-top-large:0px;--awb-spacing-right-large:1.92%;--awb-margin-bottom-large:20px;--awb-spacing-left-large:1.92%;--awb-width-medium:100%;--awb-order-medium:0;--awb-spacing-right-medium:1.92%;--awb-spacing-left-medium:1.92%;--awb-width-small:100%;--awb-order-small:0;--awb-spacing-right-small:1.92%;--awb-spacing-left-small:1.92%;\"><div class=\"fusion-column-wrapper fusion-column-has-shadow fusion-flex-justify-content-flex-start fusion-content-layout-column\"><div class=\"fusion-separator fusion-full-width-sep\" style=\"align-self: center;margin-left: auto;margin-right: auto;margin-bottom:0px;width:100%;\"><div class=\"fusion-separator-border sep-single sep-dashed\" style=\"--awb-height:20px;--awb-amount:20px;border-color:var(--awb-color7);border-top-width:1px;\"><\/div><\/div><\/div><\/div><div class=\"fusion-layout-column fusion_builder_column fusion-builder-column-1 fusion_builder_column_1_1 1_1 fusion-flex-column\" style=\"--awb-bg-size:cover;--awb-width-large:100%;--awb-margin-top-large:0px;--awb-spacing-right-large:1.92%;--awb-margin-bottom-large:20px;--awb-spacing-left-large:1.92%;--awb-width-medium:100%;--awb-order-medium:0;--awb-spacing-right-medium:1.92%;--awb-spacing-left-medium:1.92%;--awb-width-small:100%;--awb-order-small:0;--awb-spacing-right-small:1.92%;--awb-spacing-left-small:1.92%;\"><div class=\"fusion-column-wrapper fusion-column-has-shadow fusion-flex-justify-content-flex-start fusion-content-layout-column\"><div class=\"fusion-title title fusion-title-1 fusion-sep-none fusion-title-text fusion-title-size-one\" style=\"--awb-text-color:var(--awb-color7);--awb-font-size:50px;\"><h1 class=\"fusion-title-heading title-heading-left\" style=\"margin:0;font-size:1em;\">Shop<\/h1><\/div><div class=\"fusion-separator fusion-full-width-sep\" style=\"align-self: center;margin-left: auto;margin-right: auto;margin-top:14px;margin-bottom:32px;width:100%;\"><div class=\"fusion-separator-border sep-single sep-dashed\" style=\"--awb-height:20px;--awb-amount:20px;border-color:var(--awb-color7);border-top-width:1px;\"><\/div><\/div><\/div><\/div><div class=\"fusion-layout-column fusion_builder_column fusion-builder-column-2 fusion_builder_column_1_2 1_2 fusion-flex-column\" style=\"--awb-bg-blend:overlay;--awb-bg-size:cover;--awb-width-large:50%;--awb-margin-top-large:0px;--awb-spacing-right-large:4.608%;--awb-margin-bottom-large:0px;--awb-spacing-left-large:3.84%;--awb-width-medium:50%;--awb-spacing-right-medium:4.608%;--awb-spacing-left-medium:3.84%;--awb-width-small:100%;--awb-spacing-right-small:1.92%;--awb-spacing-left-small:1.92%;\"><div class=\"fusion-column-wrapper fusion-flex-justify-content-flex-start fusion-content-layout-column\"><div class=\"fusion-text fusion-text-1\" style=\"--awb-font-size:25px;\"><p>Please send a e-mail for products. hespa@hespa.is. Etsy is no longer available for Iceland and shipping to USA is not possible at this time.<\/p>\n<\/div><\/div><\/div><div class=\"fusion-layout-column fusion_builder_column fusion-builder-column-3 fusion_builder_column_1_2 1_2 fusion-flex-column\" style=\"--awb-bg-blend:overlay;--awb-bg-size:cover;--awb-width-large:50%;--awb-margin-top-large:0px;--awb-spacing-right-large:4.608%;--awb-margin-bottom-large:0px;--awb-spacing-left-large:3.84%;--awb-width-medium:50%;--awb-spacing-right-medium:4.608%;--awb-spacing-left-medium:3.84%;--awb-width-small:100%;--awb-spacing-right-small:1.92%;--awb-spacing-left-small:1.92%;\"><div class=\"fusion-column-wrapper fusion-flex-justify-content-flex-start fusion-content-layout-column\"><div class=\"fusion-image-element \" style=\"--awb-caption-title-font-family:var(--h2_typography-font-family);--awb-caption-title-font-weight:var(--h2_typography-font-weight);--awb-caption-title-font-style:var(--h2_typography-font-style);--awb-caption-title-size:var(--h2_typography-font-size);--awb-caption-title-transform:var(--h2_typography-text-transform);--awb-caption-title-line-height:var(--h2_typography-line-height);--awb-caption-title-letter-spacing:var(--h2_typography-letter-spacing);\"><span class=\" fusion-imageframe imageframe-none imageframe-1 hover-type-none\" style=\"border-radius:10px;\"><img decoding=\"async\" width=\"800\" height=\"477\" title=\"4926381\" src=\"https:\/\/hespa.is\/wp-content\/uploads\/2022\/11\/4926381.jpg\" alt class=\"img-responsive wp-image-333\" srcset=\"https:\/\/hespa.is\/wp-content\/uploads\/2022\/11\/4926381-200x119.jpg 200w, https:\/\/hespa.is\/wp-content\/uploads\/2022\/11\/4926381-400x239.jpg 400w, https:\/\/hespa.is\/wp-content\/uploads\/2022\/11\/4926381-600x358.jpg 600w, https:\/\/hespa.is\/wp-content\/uploads\/2022\/11\/4926381.jpg 800w\" sizes=\"(max-width: 640px) 100vw, 600px\" \/><\/span><\/div><\/div><\/div><\/div><\/div>\n","protected":false},"excerpt":{"rendered":"","protected":false},"author":1,"featured_media":0,"parent":0,"menu_order":0,"comment_status":"closed","ping_status":"closed","template":"","meta":{"footnotes":""},"class_list":["post-157","page","type-page","status-publish","hentry"],"yoast_head":"<!-- This site is optimized with the Yoast SEO plugin v26.5 - https:\/\/yoast.com\/wordpress\/plugins\/seo\/ -->\n<title>Shop - Hespuh\u00fasi\u00f0<\/title>\n<meta name=\"robots\" content=\"index, follow, max-snippet:-1, max-image-preview:large, max-video-preview:-1\" \/>\n<link rel=\"canonical\" href=\"https:\/\/hespa.is\/en\/shop-etsy\/\" \/>\n<meta property=\"og:locale\" content=\"en_US\" \/>\n<meta property=\"og:type\" content=\"article\" \/>\n<meta property=\"og:title\" content=\"Shop - Hespuh\u00fasi\u00f0\" \/>\n<meta property=\"og:url\" content=\"https:\/\/hespa.is\/en\/shop-etsy\/\" \/>\n<meta property=\"og:site_name\" content=\"Hespuh\u00fasi\u00f0\" \/>\n<meta property=\"article:publisher\" content=\"https:\/\/www.facebook.com\/profile.php?id=100064276321345\" \/>\n<meta property=\"article:modified_time\" content=\"2025-11-13T18:29:47+00:00\" \/>\n<meta name=\"twitter:card\" content=\"summary_large_image\" \/>\n<meta name=\"twitter:label1\" content=\"Est. reading time\" \/>\n\t<meta name=\"twitter:data1\" content=\"3 minutes\" \/>\n<script type=\"application\/ld+json\" class=\"yoast-schema-graph\">{\"@context\":\"https:\/\/schema.org\",\"@graph\":[{\"@type\":\"WebPage\",\"@id\":\"https:\/\/hespa.is\/en\/shop-etsy\/\",\"url\":\"https:\/\/hespa.is\/en\/shop-etsy\/\",\"name\":\"Shop - Hespuh\u00fasi\u00f0\",\"isPartOf\":{\"@id\":\"https:\/\/hespa.is\/#website\"},\"datePublished\":\"2022-10-26T23:27:31+00:00\",\"dateModified\":\"2025-11-13T18:29:47+00:00\",\"breadcrumb\":{\"@id\":\"https:\/\/hespa.is\/en\/shop-etsy\/#breadcrumb\"},\"inLanguage\":\"en-US\",\"potentialAction\":[{\"@type\":\"ReadAction\",\"target\":[\"https:\/\/hespa.is\/en\/shop-etsy\/\"]}]},{\"@type\":\"BreadcrumbList\",\"@id\":\"https:\/\/hespa.is\/en\/shop-etsy\/#breadcrumb\",\"itemListElement\":[{\"@type\":\"ListItem\",\"position\":1,\"name\":\"Home\",\"item\":\"https:\/\/hespa.is\/en\/\"},{\"@type\":\"ListItem\",\"position\":2,\"name\":\"Shop\"}]},{\"@type\":\"WebSite\",\"@id\":\"https:\/\/hespa.is\/#website\",\"url\":\"https:\/\/hespa.is\/\",\"name\":\"Hespuh\u00fasi\u00f0\",\"description\":\"Hespuh\u00fasi\u00f0\",\"publisher\":{\"@id\":\"https:\/\/hespa.is\/#organization\"},\"potentialAction\":[{\"@type\":\"SearchAction\",\"target\":{\"@type\":\"EntryPoint\",\"urlTemplate\":\"https:\/\/hespa.is\/?s={search_term_string}\"},\"query-input\":{\"@type\":\"PropertyValueSpecification\",\"valueRequired\":true,\"valueName\":\"search_term_string\"}}],\"inLanguage\":\"en-US\"},{\"@type\":\"Organization\",\"@id\":\"https:\/\/hespa.is\/#organization\",\"name\":\"Hespuh\u00fasi\u00f0\",\"url\":\"https:\/\/hespa.is\/\",\"logo\":{\"@type\":\"ImageObject\",\"inLanguage\":\"en-US\",\"@id\":\"https:\/\/hespa.is\/#\/schema\/logo\/image\/\",\"url\":\"http:\/\/hespa.is\/wp-content\/uploads\/2022\/10\/Hespa-logo.png\",\"contentUrl\":\"http:\/\/hespa.is\/wp-content\/uploads\/2022\/10\/Hespa-logo.png\",\"width\":771,\"height\":848,\"caption\":\"Hespuh\u00fasi\u00f0\"},\"image\":{\"@id\":\"https:\/\/hespa.is\/#\/schema\/logo\/image\/\"},\"sameAs\":[\"https:\/\/www.facebook.com\/profile.php?id=100064276321345\",\"https:\/\/www.instagram.com\/hespaiceland\/\"]}]}<\/script>\n<!-- \/ Yoast SEO plugin. -->","yoast_head_json":{"title":"Shop - Hespuh\u00fasi\u00f0","robots":{"index":"index","follow":"follow","max-snippet":"max-snippet:-1","max-image-preview":"max-image-preview:large","max-video-preview":"max-video-preview:-1"},"canonical":"https:\/\/hespa.is\/en\/shop-etsy\/","og_locale":"en_US","og_type":"article","og_title":"Shop - Hespuh\u00fasi\u00f0","og_url":"https:\/\/hespa.is\/en\/shop-etsy\/","og_site_name":"Hespuh\u00fasi\u00f0","article_publisher":"https:\/\/www.facebook.com\/profile.php?id=100064276321345","article_modified_time":"2025-11-13T18:29:47+00:00","twitter_card":"summary_large_image","twitter_misc":{"Est. reading time":"3 minutes"},"schema":{"@context":"https:\/\/schema.org","@graph":[{"@type":"WebPage","@id":"https:\/\/hespa.is\/en\/shop-etsy\/","url":"https:\/\/hespa.is\/en\/shop-etsy\/","name":"Shop - Hespuh\u00fasi\u00f0","isPartOf":{"@id":"https:\/\/hespa.is\/#website"},"datePublished":"2022-10-26T23:27:31+00:00","dateModified":"2025-11-13T18:29:47+00:00","breadcrumb":{"@id":"https:\/\/hespa.is\/en\/shop-etsy\/#breadcrumb"},"inLanguage":"en-US","potentialAction":[{"@type":"ReadAction","target":["https:\/\/hespa.is\/en\/shop-etsy\/"]}]},{"@type":"BreadcrumbList","@id":"https:\/\/hespa.is\/en\/shop-etsy\/#breadcrumb","itemListElement":[{"@type":"ListItem","position":1,"name":"Home","item":"https:\/\/hespa.is\/en\/"},{"@type":"ListItem","position":2,"name":"Shop"}]},{"@type":"WebSite","@id":"https:\/\/hespa.is\/#website","url":"https:\/\/hespa.is\/","name":"Hespuh\u00fasi\u00f0","description":"Hespuh\u00fasi\u00f0","publisher":{"@id":"https:\/\/hespa.is\/#organization"},"potentialAction":[{"@type":"SearchAction","target":{"@type":"EntryPoint","urlTemplate":"https:\/\/hespa.is\/?s={search_term_string}"},"query-input":{"@type":"PropertyValueSpecification","valueRequired":true,"valueName":"search_term_string"}}],"inLanguage":"en-US"},{"@type":"Organization","@id":"https:\/\/hespa.is\/#organization","name":"Hespuh\u00fasi\u00f0","url":"https:\/\/hespa.is\/","logo":{"@type":"ImageObject","inLanguage":"en-US","@id":"https:\/\/hespa.is\/#\/schema\/logo\/image\/","url":"http:\/\/hespa.is\/wp-content\/uploads\/2022\/10\/Hespa-logo.png","contentUrl":"http:\/\/hespa.is\/wp-content\/uploads\/2022\/10\/Hespa-logo.png","width":771,"height":848,"caption":"Hespuh\u00fasi\u00f0"},"image":{"@id":"https:\/\/hespa.is\/#\/schema\/logo\/image\/"},"sameAs":["https:\/\/www.facebook.com\/profile.php?id=100064276321345","https:\/\/www.instagram.com\/hespaiceland\/"]}]}},"jetpack_sharing_enabled":true,"_links":{"self":[{"href":"https:\/\/hespa.is\/en\/wp-json\/wp\/v2\/pages\/157","targetHints":{"allow":["GET"]}}],"collection":[{"href":"https:\/\/hespa.is\/en\/wp-json\/wp\/v2\/pages"}],"about":[{"href":"https:\/\/hespa.is\/en\/wp-json\/wp\/v2\/types\/page"}],"author":[{"embeddable":true,"href":"https:\/\/hespa.is\/en\/wp-json\/wp\/v2\/users\/1"}],"replies":[{"embeddable":true,"href":"https:\/\/hespa.is\/en\/wp-json\/wp\/v2\/comments?post=157"}],"version-history":[{"count":12,"href":"https:\/\/hespa.is\/en\/wp-json\/wp\/v2\/pages\/157\/revisions"}],"predecessor-version":[{"id":1474,"href":"https:\/\/hespa.is\/en\/wp-json\/wp\/v2\/pages\/157\/revisions\/1474"}],"wp:attachment":[{"href":"https:\/\/hespa.is\/en\/wp-json\/wp\/v2\/media?parent=157"}],"curies":[{"name":"wp","href":"https:\/\/api.w.org\/{rel}","templated":true}]}}